{"id":12,"date":"2024-03-14T03:58:07","date_gmt":"2024-03-14T03:58:07","guid":{"rendered":"https:\/\/legable.com.br\/?page_id=12"},"modified":"2024-05-09T05:09:43","modified_gmt":"2024-05-09T05:09:43","slug":"investors","status":"publish","type":"page","link":"https:\/\/legable.com.br\/index.php\/investors\/","title":{"rendered":"Investidores"},"content":{"rendered":"\n<h2 class=\"wp-block-heading has-text-align-center has-ast-global-color-0-color has-text-color has-link-color wp-elements-3f3521193c86b9e5241b1cf6961a546a\" style=\"margin-top:10%\">\u00c1rea do Investidor<\/h2>\n\n\n\n<p class=\"has-text-align-center\">Acesse sua \u00e1rea do investidor para verificar os \u00faltimos balan\u00e7os patrimoniais,<br>relat\u00f3rios de desempenho, datas e atas de assembleias e relat\u00f3rio de <br>dividendos das empresas que participa.<\/p>\n\n\n\n<div class=\"wp-block-group is-layout-constrained wp-block-group-is-layout-constrained\">\n<div class=\"wp-block-group is-layout-constrained wp-container-core-group-is-layout-a099c240 wp-block-group-is-layout-constrained\" style=\"border-radius:5px\">\n<div class=\"wp-block-group has-border-color has-ast-global-color-0-color has-text-color has-background has-link-color has-medium-font-size wp-elements-ffeda92afbc493303358415ca17eac5b is-vertical is-content-justification-center is-nowrap is-layout-flex wp-container-core-group-is-layout-2d33f1fd wp-block-group-is-layout-flex\" style=\"border-color:#d7d7d7;border-width:2px;border-radius:10px;background-color:#e3e3e3;padding-top:var(--wp--preset--spacing--60);padding-right:var(--wp--preset--spacing--20);padding-bottom:var(--wp--preset--spacing--60);padding-left:var(--wp--preset--spacing--20);font-style:normal;font-weight:600;line-height:2.5\"><div class=\"twst-login login-block\"><style>.twst-login form label { display: block; }<\/style><form name=\"twst-login-block\" id=\"twst-login-block\" action=\"https:\/\/legable.com.br\/index.php\/login\/\" method=\"post\"><p class=\"login-username\">\n\t\t\t\t<label for=\"user_login\">Usu\u00e1rio<\/label>\n\t\t\t\t<input type=\"text\" name=\"log\" id=\"user_login\" autocomplete=\"username\" class=\"input\" value=\" \" size=\"20\" \/>\n\t\t\t<\/p><p class=\"login-password\">\n\t\t\t\t<label for=\"user_pass\">Senha<\/label>\n\t\t\t\t<input type=\"password\" name=\"pwd\" id=\"user_pass\" autocomplete=\"current-password\" spellcheck=\"false\" class=\"input\" value=\"\" size=\"20\" \/>\n\t\t\t<\/p><p class=\"login-submit\">\n\t\t\t\t<input type=\"submit\" name=\"wp-submit\" id=\"wp-submit\" class=\" wp-block-button__link button button-primary\" value=\"Acessar\" \/>\n\t\t\t\t<input type=\"hidden\" name=\"redirect_to\" value=\"https:\/\/legable.com.br\/index.php\/investors\/\" \/>\n\t\t\t<\/p><\/form><\/div><\/div>\n<\/div>\n<\/div>\n","protected":false},"excerpt":{"rendered":"<p>\u00c1rea do Investidor Acesse sua \u00e1rea do investidor para verificar os \u00faltimos balan\u00e7os patrimoniais,relat\u00f3rios de desempenho, datas e atas de [&hellip;]<\/p>\n","protected":false},"author":1,"featured_media":0,"parent":0,"menu_order":0,"comment_status":"closed","ping_status":"closed","template":"","meta":{"site-sidebar-layout":"no-sidebar","site-content-layout":"plain-container","ast-site-content-layout":"","site-content-style":"default","site-sidebar-style":"default","ast-global-header-display":"","ast-banner-title-visibility":"","ast-main-header-display":"","ast-hfb-above-header-display":"","ast-hfb-below-header-display":"","ast-hfb-mobile-header-display":"","site-post-title":"disabled","ast-breadcrumbs-content":"","ast-featured-img":"","footer-sml-layout":"","theme-transparent-header-meta":"enabled","adv-header-id-meta":"","stick-header-meta":"","header-above-stick-meta":"","header-main-stick-meta":"","header-below-stick-meta":"","astra-migrate-meta-layouts":"default","ast-page-background-enabled":"default","ast-page-background-meta":{"desktop":{"background-color":"var(--ast-global-color-4)","background-image":"","background-repeat":"repeat","background-position":"center center","background-size":"auto","background-attachment":"scroll","background-type":"","background-media":"","overlay-type":"","overlay-color":"","overlay-opacity":"","overlay-gradient":""},"tablet":{"background-color":"","background-image":"","background-repeat":"repeat","background-position":"center center","background-size":"auto","background-attachment":"scroll","background-type":"","background-media":"","overlay-type":"","overlay-color":"","overlay-opacity":"","overlay-gradient":""},"mobile":{"background-color":"","background-image":"","background-repeat":"repeat","background-position":"center center","background-size":"auto","background-attachment":"scroll","background-type":"","background-media":"","overlay-type":"","overlay-color":"","overlay-opacity":"","overlay-gradient":""}},"ast-content-background-meta":{"desktop":{"background-color":"var(--ast-global-color-5)","background-image":"","background-repeat":"repeat","background-position":"center center","background-size":"auto","background-attachment":"scroll","background-type":"","background-media":"","overlay-type":"","overlay-color":"","overlay-opacity":"","overlay-gradient":""},"tablet":{"background-color":"var(--ast-global-color-5)","background-image":"","background-repeat":"repeat","background-position":"center center","background-size":"auto","background-attachment":"scroll","background-type":"","background-media":"","overlay-type":"","overlay-color":"","overlay-opacity":"","overlay-gradient":""},"mobile":{"background-color":"var(--ast-global-color-5)","background-image":"","background-repeat":"repeat","background-position":"center center","background-size":"auto","background-attachment":"scroll","background-type":"","background-media":"","overlay-type":"","overlay-color":"","overlay-opacity":"","overlay-gradient":""}},"footnotes":""},"class_list":["post-12","page","type-page","status-publish","hentry"],"_links":{"self":[{"href":"https:\/\/legable.com.br\/index.php\/wp-json\/wp\/v2\/pages\/12","targetHints":{"allow":["GET"]}}],"collection":[{"href":"https:\/\/legable.com.br\/index.php\/wp-json\/wp\/v2\/pages"}],"about":[{"href":"https:\/\/legable.com.br\/index.php\/wp-json\/wp\/v2\/types\/page"}],"author":[{"embeddable":true,"href":"https:\/\/legable.com.br\/index.php\/wp-json\/wp\/v2\/users\/1"}],"replies":[{"embeddable":true,"href":"https:\/\/legable.com.br\/index.php\/wp-json\/wp\/v2\/comments?post=12"}],"version-history":[{"count":9,"href":"https:\/\/legable.com.br\/index.php\/wp-json\/wp\/v2\/pages\/12\/revisions"}],"predecessor-version":[{"id":555,"href":"https:\/\/legable.com.br\/index.php\/wp-json\/wp\/v2\/pages\/12\/revisions\/555"}],"wp:attachment":[{"href":"https:\/\/legable.com.br\/index.php\/wp-json\/wp\/v2\/media?parent=12"}],"curies":[{"name":"wp","href":"https:\/\/api.w.org\/{rel}","templated":true}]}}